{"id":137,"date":"2015-05-06T13:38:35","date_gmt":"2015-05-06T13:38:35","guid":{"rendered":"https:\/\/biuro-profit.pl\/?page_id=137"},"modified":"2015-05-06T13:39:44","modified_gmt":"2015-05-06T13:39:44","slug":"ryczalt-ewidencjonowany","status":"publish","type":"page","link":"https:\/\/biuro-profit.pl\/?page_id=137","title":{"rendered":"Rycza\u0142t ewidencjonowany"},"content":{"rendered":"<p>Zgodnie z ustaw\u0105 o zrycza\u0142towanym podatku dochodowym od niekt\u00f3rych przychod\u00f3w osi\u0105ganych przez osoby fizyczne, z tej formy opodatkowania mog\u0105 skorzysta\u0107 m.in.:<\/p>\n<ul>\n<li>osoby fizyczne prowadz\u0105ce dzia\u0142alno\u015b\u0107 gospodarcz\u0105,<\/li>\n<li>osoby fizyczne uzyskuj\u0105ce przychody z najmu,<\/li>\n<li>sp\u00f3\u0142ki cywilne os\u00f3b fizycznych,<\/li>\n<li>sp\u00f3\u0142ki jawne os\u00f3b fizycznych,<\/li>\n<\/ul>\n<p>je\u017celi w roku poprzedzaj\u0105cym rok podatkowy ich przychody nie przekroczy\u0142y w walucie polskiej r\u00f3wnowarto\u015bci 150 000,00 EURO oraz rodzaj prowadzonej dzia\u0142alno\u015bci nie jest wy\u0142\u0105czony z mo\u017cliwo\u015bci rozliczania si\u0119 w formie zrycza\u0142towanej.<br \/>\nZakres us\u0142ug Biura rachunkowego PROFIT w ramach sta\u0142ej umowy wsp\u00f3\u0142pracy jest nast\u0119puj\u0105cy:<\/p>\n<ul>\n<li>prowadzenie ewidencji przychod\u00f3w na podstawie dowod\u00f3w ksi\u0119gowych dostarczanych przez klienta,<\/li>\n<li>prowadzenie ewidencji \u015brodk\u00f3w trwa\u0142ych i warto\u015bci niematerialnych i prawnych,<\/li>\n<li>obliczanie nale\u017cnych zaliczek na podatek dochodowy,<\/li>\n<li>prowadzenie niezb\u0119dnych ewidencji dla podatku od towar\u00f3w i us\u0142ug (VAT) oraz\u00a0sporz\u0105dzanie deklaracji VAT,<\/li>\n<li>dokonywanie zg\u0142osze\u0144 i rozlicze\u0144 z tytu\u0142u ubezpiecze\u0144 spo\u0142ecznych z ZUS os\u00f3b prowadz\u0105cych dzia\u0142alno\u015b\u0107,<\/li>\n<li>zamkni\u0119cie ewidencji przychod\u00f3w na koniec roku podatkowego.<\/li>\n<li>sporz\u0105dzenie zeznania rocznego za osob\u0119 prowadz\u0105c\u0105 dzia\u0142alno\u015b\u0107 gospodarcz\u0105,<\/li>\n<li>rozliczenia transakcji mi\u0119dzynarodowych w tym wewn\u0105trzwsp\u00f3lnotowych naby\u0107 i dostaw,<\/li>\n<li>dokumenty finansowe do bank\u00f3w lub innych instytucji,<\/li>\n<li>sporz\u0105dzanie sprawozda\u0144 GUS,<\/li>\n<li>za\u015bwiadczenia z US lub ZUS o niezaleganiu w p\u0142atno\u015bci podatk\u00f3w.<\/li>\n<\/ul>\n","protected":false},"excerpt":{"rendered":"<p>Zgodnie z ustaw\u0105 o zrycza\u0142towanym podatku dochodowym od niekt\u00f3rych przychod\u00f3w osi\u0105ganych przez osoby fizyczne, z tej formy opodatkowania mog\u0105 skorzysta\u0107 m.in.: osoby fizyczne prowadz\u0105ce dzia\u0142alno\u015b\u0107 gospodarcz\u0105, osoby fizyczne uzyskuj\u0105ce przychody z najmu, sp\u00f3\u0142ki cywilne os\u00f3b fizycznych, sp\u00f3\u0142ki jawne os\u00f3b fizycznych, je\u017celi w roku poprzedzaj\u0105cym rok podatkowy ich przychody nie przekroczy\u0142y w walucie polskiej r\u00f3wnowarto\u015bci 150 [&hellip;]<\/p>\n","protected":false},"author":1,"featured_media":0,"parent":36,"menu_order":2,"comment_status":"closed","ping_status":"closed","template":"","meta":{"footnotes":""},"class_list":["post-137","page","type-page","status-publish","hentry"],"_links":{"self":[{"href":"https:\/\/biuro-profit.pl\/index.php?rest_route=\/wp\/v2\/pages\/137","targetHints":{"allow":["GET"]}}],"collection":[{"href":"https:\/\/biuro-profit.pl\/index.php?rest_route=\/wp\/v2\/pages"}],"about":[{"href":"https:\/\/biuro-profit.pl\/index.php?rest_route=\/wp\/v2\/types\/page"}],"author":[{"embeddable":true,"href":"https:\/\/biuro-profit.pl\/index.php?rest_route=\/wp\/v2\/users\/1"}],"replies":[{"embeddable":true,"href":"https:\/\/biuro-profit.pl\/index.php?rest_route=%2Fwp%2Fv2%2Fcomments&post=137"}],"version-history":[{"count":3,"href":"https:\/\/biuro-profit.pl\/index.php?rest_route=\/wp\/v2\/pages\/137\/revisions"}],"predecessor-version":[{"id":140,"href":"https:\/\/biuro-profit.pl\/index.php?rest_route=\/wp\/v2\/pages\/137\/revisions\/140"}],"up":[{"embeddable":true,"href":"https:\/\/biuro-profit.pl\/index.php?rest_route=\/wp\/v2\/pages\/36"}],"wp:attachment":[{"href":"https:\/\/biuro-profit.pl\/index.php?rest_route=%2Fwp%2Fv2%2Fmedia&parent=137"}],"curies":[{"name":"wp","href":"https:\/\/api.w.org\/{rel}","templated":true}]}}