{"id":141,"date":"2015-05-06T13:41:37","date_gmt":"2015-05-06T13:41:37","guid":{"rendered":"https:\/\/biuro-profit.pl\/?page_id=141"},"modified":"2015-05-06T13:50:30","modified_gmt":"2015-05-06T13:50:30","slug":"kadry-i-place","status":"publish","type":"page","link":"https:\/\/biuro-profit.pl\/?page_id=141","title":{"rendered":"Kadry i P\u0142ace"},"content":{"rendered":"<p>Outsourcing kadrowo-p\u0142acowy jest coraz cz\u0119\u015bciej wykorzystywanym rozwi\u0105zaniem, kt\u00f3re uwalnia Pracodawc\u0119 od tworzenia czy rozbudowywania dzia\u0142u kadr wyspecjalizowanego w tym zakresie.<br \/>\nJest wiele korzy\u015bci z tego rozwi\u0105zania: pozwalaj\u0105 pracodawcy nie martwi\u0107 si\u0119 takimi zagadnieniami jak poufno\u015b\u0107 danych, czy koszty zwi\u0105zane z organizacj\u0105 i utrzymaniem stanowiska dedykowanego pracownika.<br \/>\nW zakresie obs\u0142ugi kadrowo-p\u0142acowej proponujemy Pa\u0144stwu pe\u0142en zakres us\u0142ug z tym zwi\u0105zanych:<\/p>\n<ul>\n<li>prowadzenie akt osobowych oraz sporz\u0105dzanie wszelkich dokument\u00f3w dla pracownik\u00f3w, zgodnie z obowi\u0105zuj\u0105cymi przepisami.<\/li>\n<li>rozliczanie pracownik\u00f3w oddelegowanych.<\/li>\n<li>sporz\u0105dzanie informacji rocznych o uzyskanych dochodach pracownik\u00f3w PIT-8A, PIT-11, PIT-40<\/li>\n<li>sporz\u0105dzanie deklaracji PFRON<\/li>\n<li>sporz\u0105dzanie deklaracji zg\u0142oszeniowych i wyrejestrowuj\u0105cych do ZUS<\/li>\n<li>sporz\u0105dzanie miesi\u0119cznych deklaracji rozliczeniowych do ZUS i ich elektroniczny przekaz<\/li>\n<li>sporz\u0105dzanie wniosk\u00f3w do PUP ( o zawarcie um\u00f3w i refundacj\u0119)<\/li>\n<li>sporz\u0105dzanie wniosk\u00f3w do OHP o refundacj\u0119 p\u0142ac i sk\u0142adek ZUS za zatrudnionych m\u0142odocianych<\/li>\n<li>ewidencjonowanie czasu pracy ( czas pracy , urlopy, zwolnienia lekarskie\u2026)<\/li>\n<li>szkolenia bhp<\/li>\n<li>sporz\u0105dzanie dokumentacji powypadkowej<\/li>\n<li>doradztwo w sprawach prawa pracy i ZUS<\/li>\n<li>ewidencjonowanie nieobecno\u015bci pracownik\u00f3w, w tym planowanie i kontrola\u00a0urlop\u00f3w wypoczynkowych.<\/li>\n<li>wykonujemy audyty kadrowo-p\u0142acowe<\/li>\n<\/ul>\n","protected":false},"excerpt":{"rendered":"<p>Outsourcing kadrowo-p\u0142acowy jest coraz cz\u0119\u015bciej wykorzystywanym rozwi\u0105zaniem, kt\u00f3re uwalnia Pracodawc\u0119 od tworzenia czy rozbudowywania dzia\u0142u kadr wyspecjalizowanego w tym zakresie. Jest wiele korzy\u015bci z tego rozwi\u0105zania: pozwalaj\u0105 pracodawcy nie martwi\u0107 si\u0119 takimi zagadnieniami jak poufno\u015b\u0107 danych, czy koszty zwi\u0105zane z organizacj\u0105 i utrzymaniem stanowiska dedykowanego pracownika. W zakresie obs\u0142ugi kadrowo-p\u0142acowej proponujemy Pa\u0144stwu pe\u0142en zakres us\u0142ug [&hellip;]<\/p>\n","protected":false},"author":1,"featured_media":0,"parent":36,"menu_order":4,"comment_status":"closed","ping_status":"closed","template":"","meta":{"footnotes":""},"class_list":["post-141","page","type-page","status-publish","hentry"],"_links":{"self":[{"href":"https:\/\/biuro-profit.pl\/index.php?rest_route=\/wp\/v2\/pages\/141","targetHints":{"allow":["GET"]}}],"collection":[{"href":"https:\/\/biuro-profit.pl\/index.php?rest_route=\/wp\/v2\/pages"}],"about":[{"href":"https:\/\/biuro-profit.pl\/index.php?rest_route=\/wp\/v2\/types\/page"}],"author":[{"embeddable":true,"href":"https:\/\/biuro-profit.pl\/index.php?rest_route=\/wp\/v2\/users\/1"}],"replies":[{"embeddable":true,"href":"https:\/\/biuro-profit.pl\/index.php?rest_route=%2Fwp%2Fv2%2Fcomments&post=141"}],"version-history":[{"count":5,"href":"https:\/\/biuro-profit.pl\/index.php?rest_route=\/wp\/v2\/pages\/141\/revisions"}],"predecessor-version":[{"id":151,"href":"https:\/\/biuro-profit.pl\/index.php?rest_route=\/wp\/v2\/pages\/141\/revisions\/151"}],"up":[{"embeddable":true,"href":"https:\/\/biuro-profit.pl\/index.php?rest_route=\/wp\/v2\/pages\/36"}],"wp:attachment":[{"href":"https:\/\/biuro-profit.pl\/index.php?rest_route=%2Fwp%2Fv2%2Fmedia&parent=141"}],"curies":[{"name":"wp","href":"https:\/\/api.w.org\/{rel}","templated":true}]}}