{"id":34,"date":"2017-11-08T13:49:45","date_gmt":"2017-11-08T13:49:45","guid":{"rendered":"https:\/\/biuro-profit.pl\/?page_id=34"},"modified":"2025-01-12T19:20:21","modified_gmt":"2025-01-12T19:20:21","slug":"zapraszamy-do-wspolpracy","status":"publish","type":"page","link":"https:\/\/biuro-profit.pl\/","title":{"rendered":"Biuro rachunkowe Grodzisk Wlkp. Zapraszamy do wsp\u00f3\u0142pracy"},"content":{"rendered":"<div>\n<h2 style=\"text-align: justify;\">Oferujemy fachowe doradztwo finansowe i ksi\u0119gowo\u015b\u0107.<\/h2>\n<p style=\"text-align: justify;\">PROFIT &#8211; Biuro rachunkowe Grodzisk Wlkp., ul. Wi\u015bniowa 52\/1.<\/p>\n<p style=\"text-align: justify;\">Wszystkim klientom z\u00a0 gmin Grodzisk Wlkp., Opalenica, Nowy Tomy\u015bl, Rakoniewice, Granowo zapewniamy bezp\u0142atny odbi\u00f3r dokument\u00f3w.<\/p>\n<p style=\"text-align: justify;\">Zajmujemy si\u0119 profesjonalnym doradztwem finansowym i podatkowym dla ma\u0142ych i \u015brednich firm. Wiemy, \u017ce w\u0142a\u015bnie takich us\u0142ug ci\u0105gle brakuje na naszym lokalnym rynku \u2013 us\u0142ug tak samo profesjonalnych jak te \u015bwiadczone przez renomowane firmy doradcze, a jednocze\u015bnie konkurencyjnych cenowo.<\/p>\n<h2>Atuty naszego biura rachunkowego:<\/h2>\n<p>Nasz\u0105 przewag\u0105 konkurencyjn\u0105 w stosunku do wielu typowych biur rachunkowych lub firm consultingowych jest dog\u0142\u0119bna wiedza na temat wspomagania dzia\u0142alno\u015bci gospodarczej przez system finansowo-ksi\u0119gowy i praktyczna znajomo\u015b\u0107 problem\u00f3w zarz\u0105dzania finansami zdobyta w toku wielu lat pracy zawodowej.<\/p>\n<p>Nasza oferta stanowi wszechstronny pakiet us\u0142ug z zakresu zarz\u0105dzania finansami obejmuj\u0105cy Biuro rachunkowe &#8211; obs\u0142ug\u0119 ksi\u0119gowo \u2013 podatkow\u0105 firm, analiz\u0119 finansow\u0105 dzia\u0142alno\u015bci operacyjnej (tak\u017ce w ramach \u201edue diligence\u201d), wycen\u0119 warto\u015bci przedsi\u0119biorstw i udzia\u0142\u00f3w (np. wnoszonych aportem do sp\u00f3\u0142ek kapita\u0142owych), analiz\u0119 op\u0142acalno\u015bci projekt\u00f3w inwestycyjnych i przygotowanie profesjonalnego biznesplanu (r\u00f3wnie\u017c w formie wniosk\u00f3w i aplikacji o dotacje unijne). W ramach tego zestawu us\u0142ug wykonujemy analizy i opracowania nie tylko dla klient\u00f3w indywidualnych, ale r\u00f3wnie\u017c na zlecenie cenionych firm konsultingowych (w ramach tzw outsourcingu).To, co decyduje o tym, i\u017c du\u017ce firmy i korporacje\u00a0s\u0105 naszymi klientami, to przede wszystkim:<\/p>\n<ul style=\"text-align: justify;\">\n<li>fakt, \u017ce jeste\u015bmy firm\u0105 \u015bwiadcz\u0105c\u0105 szerok\u0105 gam\u0119 us\u0142ug (analiza, konsulting,\u00a0doradztwo gospodarcze, biuro rachunkowe)<\/li>\n<li>do\u015bwiadczenie i wiedza,\u00a0 kt\u00f3r\u0105 zdobywamy dzia\u0142aj\u0105c w bran\u017cy od ponad 10\u00a0lat;<\/li>\n<li>skuteczno\u015b\u0107 i jako\u015b\u0107\u00a0naszych us\u0142ug oraz\u00a0profesjonalna,\u00a0mi\u0142a i zaanga\u017cowana obs\u0142uga klienta;<\/li>\n<li>zesp\u00f3\u0142 specjalist\u00f3w pracuj\u0105cych nad sukcesem ka\u017cdego projektu;<\/li>\n<li>w\u0142asne, sprawdzone, stale ulepszane rozwi\u0105zania zapewniaj\u0105ce naszym klientom mo\u017cliwo\u015b\u0107 osi\u0105gni\u0119cia przewagi konkurencyjnej;<\/li>\n<li>do\u015bwiadczona i zaanga\u017cowana\u00a0kadra zarz\u0105dzaj\u0105ca.<\/li>\n<\/ul>\n<p>Dzia\u0142amy na rynku krajowym oraz\u00a0mi\u0119dzynarodowym. Z nami biznes nie ma granic! Zapraszamy !<\/p>\n<h2>Zapraszamy! PROFIT Biuro Rachunkowe Grodzisk Wlkp. ul Wi\u015bniowa 52\/1.<\/h2>\n<h5><\/h5>\n<p><a href=\"https:\/\/biuro-profit-pl.preview-domain.com\/wp-content\/uploads\/2017\/12\/3d-small-people-calculator-15960335.jpg\"><img loading=\"lazy\" decoding=\"async\" class=\"alignright wp-image-345 size-medium\" title=\"Biuro rachunkowe Grodzisk Wlkp.\" src=\"https:\/\/biuro-profit-pl.preview-domain.com\/wp-content\/uploads\/2017\/12\/3d-small-people-calculator-15960335-245x300.jpg\" alt=\"Biuro rachunkowe Grodzisk Wlkp.\" width=\"245\" height=\"300\" srcset=\"https:\/\/biuro-profit.pl\/wp-content\/uploads\/2017\/12\/3d-small-people-calculator-15960335-245x300.jpg 245w, https:\/\/biuro-profit.pl\/wp-content\/uploads\/2017\/12\/3d-small-people-calculator-15960335-700x856.jpg 700w, https:\/\/biuro-profit.pl\/wp-content\/uploads\/2017\/12\/3d-small-people-calculator-15960335.jpg 736w\" sizes=\"auto, (max-width: 245px) 100vw, 245px\" \/><\/a><\/p>\n<\/div>\n<h3><\/h3>\n","protected":false},"excerpt":{"rendered":"<p>Oferujemy fachowe doradztwo finansowe i ksi\u0119gowo\u015b\u0107. PROFIT &#8211; Biuro rachunkowe Grodzisk Wlkp., ul. Wi\u015bniowa 52\/1. Wszystkim klientom z\u00a0 gmin Grodzisk Wlkp., Opalenica, Nowy Tomy\u015bl, Rakoniewice, Granowo zapewniamy bezp\u0142atny odbi\u00f3r dokument\u00f3w. Zajmujemy si\u0119 profesjonalnym doradztwem finansowym i podatkowym dla ma\u0142ych i \u015brednich firm. Wiemy, \u017ce w\u0142a\u015bnie takich us\u0142ug ci\u0105gle brakuje na naszym lokalnym rynku \u2013 us\u0142ug [&hellip;]<\/p>\n","protected":false},"author":2,"featured_media":0,"parent":0,"menu_order":0,"comment_status":"closed","ping_status":"closed","template":"","meta":{"footnotes":""},"class_list":["post-34","page","type-page","status-publish","hentry"],"_links":{"self":[{"href":"https:\/\/biuro-profit.pl\/index.php?rest_route=\/wp\/v2\/pages\/34","targetHints":{"allow":["GET"]}}],"collection":[{"href":"https:\/\/biuro-profit.pl\/index.php?rest_route=\/wp\/v2\/pages"}],"about":[{"href":"https:\/\/biuro-profit.pl\/index.php?rest_route=\/wp\/v2\/types\/page"}],"author":[{"embeddable":true,"href":"https:\/\/biuro-profit.pl\/index.php?rest_route=\/wp\/v2\/users\/2"}],"replies":[{"embeddable":true,"href":"https:\/\/biuro-profit.pl\/index.php?rest_route=%2Fwp%2Fv2%2Fcomments&post=34"}],"version-history":[{"count":51,"href":"https:\/\/biuro-profit.pl\/index.php?rest_route=\/wp\/v2\/pages\/34\/revisions"}],"predecessor-version":[{"id":363,"href":"https:\/\/biuro-profit.pl\/index.php?rest_route=\/wp\/v2\/pages\/34\/revisions\/363"}],"wp:attachment":[{"href":"https:\/\/biuro-profit.pl\/index.php?rest_route=%2Fwp%2Fv2%2Fmedia&parent=34"}],"curies":[{"name":"wp","href":"https:\/\/api.w.org\/{rel}","templated":true}]}}