{"id":36,"date":"2014-05-08T13:50:03","date_gmt":"2014-05-08T13:50:03","guid":{"rendered":"https:\/\/biuro-profit.pl\/?page_id=36"},"modified":"2017-12-22T09:21:02","modified_gmt":"2017-12-22T09:21:02","slug":"kadry-i-ksiegowosc","status":"publish","type":"page","link":"https:\/\/biuro-profit.pl\/?page_id=36","title":{"rendered":"Kadry i ksi\u0119gowo\u015b\u0107"},"content":{"rendered":"<h4>Kadry i ksi\u0119gowo\u015b\u0107<\/h4>\n<p>Zajmujemy si\u0119 profesjonalnym doradztwem finansowym i podatkowym dla ma\u0142ych i \u015brednich firm. Wiemy, \u017ce w\u0142a\u015bnie takich us\u0142ug ci\u0105gle brakuje na rynku \u2013 us\u0142ug tak samo profesjonalnych jak te \u015bwiadczone przez renomowane firmy doradcze a jednocze\u015bnie konkurencyjnych cenowo, a zatem dost\u0119pnych dla ma\u0142ych firm.<\/p>\n<p>Nasz\u0105 przewag\u0105 konkurencyjn\u0105 w stosunku do wielu typowych biur rachunkowych lub firm konsultingowych jest dog\u0142\u0119bna wiedza na temat wspomagania dzia\u0142alno\u015bci gospodarczej przez system finansowo-ksi\u0119gowy i praktyczna znajomo\u015b\u0107 problem\u00f3w zarz\u0105dzania finansami zdobyta w toku wielu lat pracy zawodowej.<\/p>\n","protected":false},"excerpt":{"rendered":"<p>Kadry i ksi\u0119gowo\u015b\u0107 Zajmujemy si\u0119 profesjonalnym doradztwem finansowym i podatkowym dla ma\u0142ych i \u015brednich firm. Wiemy, \u017ce w\u0142a\u015bnie takich us\u0142ug ci\u0105gle brakuje na rynku \u2013 us\u0142ug tak samo profesjonalnych jak te \u015bwiadczone przez renomowane firmy doradcze a jednocze\u015bnie konkurencyjnych cenowo, a zatem dost\u0119pnych dla ma\u0142ych firm. Nasz\u0105 przewag\u0105 konkurencyjn\u0105 w stosunku do wielu typowych biur [&hellip;]<\/p>\n","protected":false},"author":2,"featured_media":0,"parent":0,"menu_order":2,"comment_status":"closed","ping_status":"closed","template":"","meta":{"footnotes":""},"class_list":["post-36","page","type-page","status-publish","hentry"],"_links":{"self":[{"href":"https:\/\/biuro-profit.pl\/index.php?rest_route=\/wp\/v2\/pages\/36","targetHints":{"allow":["GET"]}}],"collection":[{"href":"https:\/\/biuro-profit.pl\/index.php?rest_route=\/wp\/v2\/pages"}],"about":[{"href":"https:\/\/biuro-profit.pl\/index.php?rest_route=\/wp\/v2\/types\/page"}],"author":[{"embeddable":true,"href":"https:\/\/biuro-profit.pl\/index.php?rest_route=\/wp\/v2\/users\/2"}],"replies":[{"embeddable":true,"href":"https:\/\/biuro-profit.pl\/index.php?rest_route=%2Fwp%2Fv2%2Fcomments&post=36"}],"version-history":[{"count":5,"href":"https:\/\/biuro-profit.pl\/index.php?rest_route=\/wp\/v2\/pages\/36\/revisions"}],"predecessor-version":[{"id":318,"href":"https:\/\/biuro-profit.pl\/index.php?rest_route=\/wp\/v2\/pages\/36\/revisions\/318"}],"wp:attachment":[{"href":"https:\/\/biuro-profit.pl\/index.php?rest_route=%2Fwp%2Fv2%2Fmedia&parent=36"}],"curies":[{"name":"wp","href":"https:\/\/api.w.org\/{rel}","templated":true}]}}