{"id":39,"date":"2014-05-08T13:55:52","date_gmt":"2014-05-08T13:55:52","guid":{"rendered":"https:\/\/biuro-profit.pl\/?page_id=39"},"modified":"2015-05-07T09:19:11","modified_gmt":"2015-05-07T09:19:11","slug":"doradztwo-gospodarcze","status":"publish","type":"page","link":"https:\/\/biuro-profit.pl\/?page_id=39","title":{"rendered":"Doradztwo"},"content":{"rendered":"<p>PROFIT \u015bwiadczy wysoko specjalistyczne us\u0142ugi doradztwa gospodarczego, kt\u00f3rych odbiorcami najcz\u0119\u015bciej s\u0105\u00a0 przedsi\u0119biorstwa zaliczane do sektora M\u015aP o r\u00f3\u017cnym statusie prawnym oraz jednostki samorz\u0105du terytorialnego.\u00a0 W ka\u017cdym przypadku wynikiem zrealizowanych prac jest materia\u0142 pozwalaj\u0105cy w spos\u00f3b uzasadniony podejmowa\u0107 decyzje odnosz\u0105ce si\u0119 do realizacji przedsi\u0119wzi\u0119\u0107 inwestycyjnych,\u00a0ze wskazaniem\u00a0na mo\u017cliwo\u015b\u0107 ich dofinansowania z okre\u015blonych \u017ar\u00f3de\u0142.W ramach us\u0142ug doradztwa gospodarczego oferujemy:<\/p>\n<ul>\n<li>opracowanie studium wykonalno\u015bci zamierzonego projektu,<\/li>\n<li>opracowanie planu biznesowego,<\/li>\n<li>opracowanie strategii rozwoju przedsi\u0119biorstwa,<\/li>\n<li>opracowanie analiz stanu przedsi\u0119biorstwa,<\/li>\n<li>opracowanie planu restrukturyzacji przedsi\u0119biorstwa,<\/li>\n<li>opracowanie wyceny warto\u015bci przedsi\u0119biorstwa,<\/li>\n<li>wykonanie innych opracowa\u0144 i dzia\u0142a\u0144 doradczych.<\/li>\n<\/ul>\n","protected":false},"excerpt":{"rendered":"<p>PROFIT \u015bwiadczy wysoko specjalistyczne us\u0142ugi doradztwa gospodarczego, kt\u00f3rych odbiorcami najcz\u0119\u015bciej s\u0105\u00a0 przedsi\u0119biorstwa zaliczane do sektora M\u015aP o r\u00f3\u017cnym statusie prawnym oraz jednostki samorz\u0105du terytorialnego.\u00a0 W ka\u017cdym przypadku wynikiem zrealizowanych prac jest materia\u0142 pozwalaj\u0105cy w spos\u00f3b uzasadniony podejmowa\u0107 decyzje odnosz\u0105ce si\u0119 do realizacji przedsi\u0119wzi\u0119\u0107 inwestycyjnych,\u00a0ze wskazaniem\u00a0na mo\u017cliwo\u015b\u0107 ich dofinansowania z okre\u015blonych \u017ar\u00f3de\u0142.W ramach us\u0142ug doradztwa gospodarczego [&hellip;]<\/p>\n","protected":false},"author":2,"featured_media":0,"parent":0,"menu_order":4,"comment_status":"closed","ping_status":"closed","template":"","meta":{"footnotes":""},"class_list":["post-39","page","type-page","status-publish","hentry"],"_links":{"self":[{"href":"https:\/\/biuro-profit.pl\/index.php?rest_route=\/wp\/v2\/pages\/39","targetHints":{"allow":["GET"]}}],"collection":[{"href":"https:\/\/biuro-profit.pl\/index.php?rest_route=\/wp\/v2\/pages"}],"about":[{"href":"https:\/\/biuro-profit.pl\/index.php?rest_route=\/wp\/v2\/types\/page"}],"author":[{"embeddable":true,"href":"https:\/\/biuro-profit.pl\/index.php?rest_route=\/wp\/v2\/users\/2"}],"replies":[{"embeddable":true,"href":"https:\/\/biuro-profit.pl\/index.php?rest_route=%2Fwp%2Fv2%2Fcomments&post=39"}],"version-history":[{"count":3,"href":"https:\/\/biuro-profit.pl\/index.php?rest_route=\/wp\/v2\/pages\/39\/revisions"}],"predecessor-version":[{"id":126,"href":"https:\/\/biuro-profit.pl\/index.php?rest_route=\/wp\/v2\/pages\/39\/revisions\/126"}],"wp:attachment":[{"href":"https:\/\/biuro-profit.pl\/index.php?rest_route=%2Fwp%2Fv2%2Fmedia&parent=39"}],"curies":[{"name":"wp","href":"https:\/\/api.w.org\/{rel}","templated":true}]}}